{"id":1594,"date":"2016-06-14T20:11:55","date_gmt":"2016-06-15T00:11:55","guid":{"rendered":"https:\/\/loslatidosdelamemoria.cl\/?page_id=1594"},"modified":"2023-09-06T13:36:20","modified_gmt":"2023-09-06T16:36:20","slug":"los-latidos-de-la-memoria","status":"publish","type":"page","link":"https:\/\/loslatidosdelamemoria.cl\/?page_id=1594","title":{"rendered":"Sobre los LLM"},"content":{"rendered":"<p><strong>Los Latidos de la Memoria,<\/strong> investiga y difunde microbiograf\u00edas de la vida cotidiana de detenidas y detenidos y desaparecidos, y ejecutadas y ejecutados pol\u00edticos durante la dictadura civil-militar en Chile (1973- 1990), desde la memoria de sus familiares y amigos.<\/p>\n<p>A la fecha cuenta con un archivo de 44 relatos microbiogr\u00e1ficos en formato sonoro\u00a0 que est\u00e1n acompa\u00f1ados de im\u00e1genes provenientes de\u00a0 los \u00e1lbumes familiares de quienes colaboraron con el proyecto.<\/p>\n<p>Este trabajo es un ejercicio de memoria que intenta revertir la operaci\u00f3n de desaparici\u00f3n para hacer aparecer a los (as) \u00a0sujetos en su dimensi\u00f3n vital, humaniz\u00e1ndoles en tanto nos aproximamos al recuerdo de su vida cotidiana, la que se hace presente en el relato actualizado y narrado por quien (familiar o cercano) ocupa el lugar de portavoz de su memoria, recuerdo que se reedita y transmite.<\/p>\n<p><strong>Los Latidos de la Memoria<\/strong>,\u00a0fueron difundidos a trav\u00e9s de la se\u00f1al de Radio Universidad de Chile 102.5 FM y diario.uchile.cl entre 2014- 2015.<\/p>\n<p>En 2019 Radio Usach los difundi\u00f3 entre los meses de septiembre \u00a0y octubre por la se\u00f1al 94.5 FM.<\/p>\n<p>Hoy se alojan en este sitio web.<\/p>\n<p>La propuesta\u00a0cont\u00f3 en su producci\u00f3n y realizaci\u00f3n con la colaboraci\u00f3n de la Radio Universidad de Chile, la Embajada de Finlandia y la Radio Juan G\u00f3mez Millas (ICEI). Y con el patrocinio del Instituto Nacional de Derechos Humanos (INDH), la Corporaci\u00f3n Paine, un lugar para la memoria y Nodo Ciudadano ONG.<\/p>\n<p>&nbsp;<\/p>\n<p style=\"text-align: right;\">Santiago de Chile, septiembre de 2023.<\/p>\n","protected":false},"excerpt":{"rendered":"<p>Los Latidos de la Memoria, investiga y difunde microbiograf\u00edas de la vida cotidiana de detenidas y detenidos y desaparecidos, y ejecutadas y ejecutados pol\u00edticos durante la dictadura civil-militar en Chile (1973- 1990), desde la memoria de sus familiares y amigos. A la fecha cuenta con un archivo de 44 relatos microbiogr\u00e1ficos en formato sonoro\u00a0 que [&hellip;]<\/p>\n","protected":false},"author":2,"featured_media":0,"parent":0,"menu_order":0,"comment_status":"closed","ping_status":"closed","template":"","meta":{"footnotes":""},"class_list":["post-1594","page","type-page","status-publish","hentry"],"_links":{"self":[{"href":"https:\/\/loslatidosdelamemoria.cl\/index.php?rest_route=\/wp\/v2\/pages\/1594","targetHints":{"allow":["GET"]}}],"collection":[{"href":"https:\/\/loslatidosdelamemoria.cl\/index.php?rest_route=\/wp\/v2\/pages"}],"about":[{"href":"https:\/\/loslatidosdelamemoria.cl\/index.php?rest_route=\/wp\/v2\/types\/page"}],"author":[{"embeddable":true,"href":"https:\/\/loslatidosdelamemoria.cl\/index.php?rest_route=\/wp\/v2\/users\/2"}],"replies":[{"embeddable":true,"href":"https:\/\/loslatidosdelamemoria.cl\/index.php?rest_route=%2Fwp%2Fv2%2Fcomments&post=1594"}],"version-history":[{"count":15,"href":"https:\/\/loslatidosdelamemoria.cl\/index.php?rest_route=\/wp\/v2\/pages\/1594\/revisions"}],"predecessor-version":[{"id":2505,"href":"https:\/\/loslatidosdelamemoria.cl\/index.php?rest_route=\/wp\/v2\/pages\/1594\/revisions\/2505"}],"wp:attachment":[{"href":"https:\/\/loslatidosdelamemoria.cl\/index.php?rest_route=%2Fwp%2Fv2%2Fmedia&parent=1594"}],"curies":[{"name":"wp","href":"https:\/\/api.w.org\/{rel}","templated":true}]}}