{"id":1610,"date":"2016-06-14T21:03:45","date_gmt":"2016-06-15T01:03:45","guid":{"rendered":"https:\/\/loslatidosdelamemoria.cl\/?page_id=1610"},"modified":"2023-06-12T10:24:21","modified_gmt":"2023-06-12T14:24:21","slug":"documentos-y-noticias-de-los-latidos-de-la-memoria","status":"publish","type":"page","link":"https:\/\/loslatidosdelamemoria.cl\/?page_id=1610","title":{"rendered":"Materiales"},"content":{"rendered":"<p>Aqu\u00ed podr\u00e1s acceder a documentos &nbsp;sobre Los Latidos de la Memoria y otros materiales de inter\u00e9s.<\/p>\n","protected":false},"excerpt":{"rendered":"<p>Aqu\u00ed podr\u00e1s acceder a documentos &nbsp;sobre Los Latidos de la Memoria y otros materiales de inter\u00e9s.<\/p>\n","protected":false},"author":2,"featured_media":2438,"parent":0,"menu_order":0,"comment_status":"closed","ping_status":"closed","template":"template-docs-grid.php","meta":{"footnotes":""},"class_list":["post-1610","page","type-page","status-publish","has-post-thumbnail","hentry"],"_links":{"self":[{"href":"https:\/\/loslatidosdelamemoria.cl\/index.php?rest_route=\/wp\/v2\/pages\/1610","targetHints":{"allow":["GET"]}}],"collection":[{"href":"https:\/\/loslatidosdelamemoria.cl\/index.php?rest_route=\/wp\/v2\/pages"}],"about":[{"href":"https:\/\/loslatidosdelamemoria.cl\/index.php?rest_route=\/wp\/v2\/types\/page"}],"author":[{"embeddable":true,"href":"https:\/\/loslatidosdelamemoria.cl\/index.php?rest_route=\/wp\/v2\/users\/2"}],"replies":[{"embeddable":true,"href":"https:\/\/loslatidosdelamemoria.cl\/index.php?rest_route=%2Fwp%2Fv2%2Fcomments&post=1610"}],"version-history":[{"count":11,"href":"https:\/\/loslatidosdelamemoria.cl\/index.php?rest_route=\/wp\/v2\/pages\/1610\/revisions"}],"predecessor-version":[{"id":2439,"href":"https:\/\/loslatidosdelamemoria.cl\/index.php?rest_route=\/wp\/v2\/pages\/1610\/revisions\/2439"}],"wp:featuredmedia":[{"embeddable":true,"href":"https:\/\/loslatidosdelamemoria.cl\/index.php?rest_route=\/wp\/v2\/media\/2438"}],"wp:attachment":[{"href":"https:\/\/loslatidosdelamemoria.cl\/index.php?rest_route=%2Fwp%2Fv2%2Fmedia&parent=1610"}],"curies":[{"name":"wp","href":"https:\/\/api.w.org\/{rel}","templated":true}]}}