{"id":786,"date":"2014-07-28T19:15:44","date_gmt":"2014-07-28T19:15:44","guid":{"rendered":"https:\/\/loslatidosdelamemoria.cl\/?page_id=786"},"modified":"2023-09-06T13:01:36","modified_gmt":"2023-09-06T16:01:36","slug":"paulina-pavez-y-karen-bascunan","status":"publish","type":"page","link":"https:\/\/loslatidosdelamemoria.cl\/?page_id=786","title":{"rendered":"El Equipo"},"content":{"rendered":"<h2>El equipo de Los Latidos de la Memoria<\/h2>\n<hr \/>\n<h3 style=\"font-weight: 400;\"><strong>Karen Bascu\u00f1\u00e1n P\u00e9rez<\/strong><\/h3>\n<h4 style=\"font-weight: 400;\">Psic\u00f3loga (Universidad de Chile) + Mag\u00edster \u00a9 en Literatura (Universidad de Santiago).<\/h4>\n<p style=\"font-weight: 400;\">Santiago, 1977. Parte importante de su trabajo lo ha dedicado a la reflexi\u00f3n y gestaci\u00f3n de propuestas transdisciplinarias sobre las formas de representaci\u00f3n y los soportes de las memorias silenciadas y de la resistencia, tanto en el contexto previo al golpe de Estado como en el contexto la dictadura c\u00edvico militar en Chile. Lo anterior, a trav\u00e9s de la investigaci\u00f3n y el trabajo con archivo testimonial, como a trav\u00e9s de propuestas de arte sonoro, video y literatura. Actualmente, enfoca su trabajo en el an\u00e1lisis generacional de propuestas que analizan el v\u00ednculo entre est\u00e9tica y pol\u00edtica. Coordinadora del \u00c1rea Educaci\u00f3n de Parque por la Paz Villa Grimaldi, Sitio de memoria.<\/p>\n<p style=\"font-weight: 400;\">Es parte de Los Latidos de la Memoria, intentando aportar desde estos aprendizajes y nuevos desaf\u00edos para pensar en las formas en que se construyen las memorias y la reparaci\u00f3n social.<\/p>\n<hr \/>\n<h3><strong><span style=\"color: #333333;\">Paulina Pavez Verdugo<\/span><\/strong><\/h3>\n<h4><span style=\"color: #333333;\">Lic. en Sociolog\u00eda\u00a0 +\u00a0 Mag\u00edster en Estudios Latinoamericanos (Universidad de Chile).<\/span><\/h4>\n<p>Santiago, 1978. Se ha desempe\u00f1ado en diversos \u00e1mbitos, con foco principal en la investigaci\u00f3n de las memorias pol\u00edticas, los estudios de g\u00e9nero y los derechos humanos. Desde la investigaci\u00f3n social ha abordado el periodo 1973-1989 desde distintos \u00e1mbitos: como proceso pol\u00edtico y cultural, y desde el an\u00e1lisis de las memorias de la derecha chilena.\u00a0 De forma paralela, ha comenzado a desarrollar proyectos de gesti\u00f3n cultural vinculados a los procesos de reparaci\u00f3n y promoci\u00f3n de las memorias pol\u00edticas en Chile. Form\u00f3 parte del Colectivo Ciudad Elefante \u00a0y \u00a0particip\u00f3 como docente en equipo del diplomado \u201cEducaci\u00f3n, Memoria y Derechos Humanos\u201d de la Universidad de Chile y el Museo de la Memoria y los Derechos Humanos. En la actualidad, es doctoranda de la Facultad de Ciencias Sociales de la Universidad de Chile.<\/p>\n<p>Es creadora de la idea original de este espacio, webmaster del sitio y es parte de Los Latidos de la Memoria, intentando aportar desde la historia oral y el testimonio a la construcci\u00f3n de las memorias de la vida cotidiana.<\/p>\n<p>Contacto webmaster:\u00a0 contacto@loslatidosdelamemoria.cl<\/p>\n<hr \/>\n<h3><span style=\"color: #333333;\">Colaboradores (as)<\/span><\/h3>\n<p>Queremos agradecer especialmente a las siguientes personas, que han apoyado y acompa\u00f1ado este proyecto desde sus inicios:<\/p>\n<p>Juan Pablo C\u00e1rdenas, Danae Cort\u00e9s, Marco Morales, Nino Balletta y todo el equipo de Radio Universidad de Chile.<\/p>\n<p>Marcelo Concha Traverso (m\u00fasico, compositor), quien colabor\u00f3 con la m\u00fasica que acompa\u00f1a las microbiograf\u00edas.<\/p>\n<p>Otros (as) \u00a0colaboradores (as):<\/p>\n<ul>\n<li>Daniela Aceituno (INDH)<\/li>\n<li>Daniela Alvarado (Soci\u00f3loga, independiente)<\/li>\n<li>Daniel \u00c1lvarez (Abogado, Universidad de Chile)<\/li>\n<li>Fernando Alvear (Soci\u00f3logo, Universidad de Chile)<\/li>\n<li>Enrique Az\u00faa (INDH)<\/li>\n<li>In\u00e9s Bascu\u00f1\u00e1n (Actriz, Teatro en la Ruta)<\/li>\n<li>Ariadna Biotti (Historiadora, Universidad de Chile)<\/li>\n<li>V\u00edctor Bravari (Nodo Ciudadano)<\/li>\n<li>Mar\u00eda Paz Concha (Periodista, independiente)<\/li>\n<li>Marcela Delgado (Profesional PRAIS)<\/li>\n<li>Marcela de la Carrera \u2020 (Actriz)<\/li>\n<li>Javiera Fern\u00e1ndez (Historiadora, Universidad de Chile)<\/li>\n<li>Mar\u00eda Eugenia Horvitz \u2020 (Acad\u00e9mica, Universidad de Chile)<\/li>\n<li>Carla Pe\u00f1aloza (Dra. en Historia, Universidad de Chile)<\/li>\n<li>Juan Ren\u00e9 Maureira (Programa de Memoria y DDHH, Universidad Alberto Hurtado)<\/li>\n<li>Juan Leonardo Maureira (Coorporaci\u00f3n Paine)<\/li>\n<li>Rodrigo Olavarr\u00eda (Escritor)<\/li>\n<li>Arturo Torres (Arquitecto)<\/li>\n<li>Mauricio Torrealba (Traductor, Ciudad Elefante)<\/li>\n<li>Benjam\u00edn Villalobos (Actor y dramaturgo)<\/li>\n<\/ul>\n<p>&nbsp;<\/p>\n<p>&nbsp;<\/p>\n","protected":false},"excerpt":{"rendered":"<p>El equipo de Los Latidos de la Memoria Karen Bascu\u00f1\u00e1n P\u00e9rez Psic\u00f3loga (Universidad de Chile) + Mag\u00edster \u00a9 en Literatura (Universidad de Santiago). Santiago, 1977. Parte importante de su trabajo lo ha dedicado a la reflexi\u00f3n y gestaci\u00f3n de propuestas transdisciplinarias sobre las formas de representaci\u00f3n y los soportes de las memorias silenciadas y de [&hellip;]<\/p>\n","protected":false},"author":1,"featured_media":0,"parent":0,"menu_order":0,"comment_status":"open","ping_status":"open","template":"","meta":{"footnotes":""},"class_list":["post-786","page","type-page","status-publish","hentry"],"_links":{"self":[{"href":"https:\/\/loslatidosdelamemoria.cl\/index.php?rest_route=\/wp\/v2\/pages\/786","targetHints":{"allow":["GET"]}}],"collection":[{"href":"https:\/\/loslatidosdelamemoria.cl\/index.php?rest_route=\/wp\/v2\/pages"}],"about":[{"href":"https:\/\/loslatidosdelamemoria.cl\/index.php?rest_route=\/wp\/v2\/types\/page"}],"author":[{"embeddable":true,"href":"https:\/\/loslatidosdelamemoria.cl\/index.php?rest_route=\/wp\/v2\/users\/1"}],"replies":[{"embeddable":true,"href":"https:\/\/loslatidosdelamemoria.cl\/index.php?rest_route=%2Fwp%2Fv2%2Fcomments&post=786"}],"version-history":[{"count":33,"href":"https:\/\/loslatidosdelamemoria.cl\/index.php?rest_route=\/wp\/v2\/pages\/786\/revisions"}],"predecessor-version":[{"id":2499,"href":"https:\/\/loslatidosdelamemoria.cl\/index.php?rest_route=\/wp\/v2\/pages\/786\/revisions\/2499"}],"wp:attachment":[{"href":"https:\/\/loslatidosdelamemoria.cl\/index.php?rest_route=%2Fwp%2Fv2%2Fmedia&parent=786"}],"curies":[{"name":"wp","href":"https:\/\/api.w.org\/{rel}","templated":true}]}}